{"id":1935,"date":"2016-12-28T14:52:41","date_gmt":"2016-12-28T13:52:41","guid":{"rendered":"http:\/\/www.monitor-radiotv.it\/w\/s\/?page_id=1935"},"modified":"2019-11-29T15:21:29","modified_gmt":"2019-11-29T14:21:29","slug":"copy-of-broadcast-news-digest","status":"publish","type":"page","link":"https:\/\/www.monitor-radiotv.it\/w\/s\/?page_id=1935","title":{"rendered":"Broadcast News Digest"},"content":{"rendered":"<p style=\"text-align: center;\">\r\n<div class=\"cmra\">\r\n\r\n    <div class=\"cmra-content\">\r\n        <div class=\"cmra-category-box\"><div class=\"cmra-category\" style=\"\" data-id=\"15\" data-role=\"category\"><div class=\"cmra-header\">Broadcast<\/div><ul class='cmra-category-link-list'><li class=\"cmra-category-link-list-entry\"><a href=\"https:\/\/tmbroadcast.es\/nab-show-2026-inteligencia-artificial-deporte-negocios\/\" class=\"cmra-link cmra-no-favicon\" title=\"Las Vegas Convention Center acoger\u00e1, del 18 al 22 de abril, uno de los principales eventos mundiales del sector broadcast, con una asistencia prevista de 60.000 visitantes y 1.100 expositores Puedes consultar una selecci\u00f3n de las principales novedades de los expositores y otros art\u00edculos destacados de la feria en nuestra edici\u00f3n internacional (TM BROADCAST International)...&hellip;\"   data-create-time=\"1776421331\" data-edit-time=\"1776421331\"><span class=\"cmra-link-main\"><span class=\"cmra-link-title\">ESPECIAL NAB SHOW 2026 | La IA, el deporte y los negocios ocupan m\u00e1s espacio que nunca<\/span><\/span><span class=\"cmra-link-subtitle\"><\/span><span class=\"cmra-link-footer\"><span class=\"cmra-link-date\">Apr 17 2026<\/span><\/span><\/a><\/li><li class=\"cmra-category-link-list-entry\"><a href=\"https:\/\/tmbroadcast.es\/refcam-debut-final-copa-rey\/\" class=\"cmra-link cmra-no-favicon\" title=\"Por primera vez en nuestro pa\u00eds, se emitir\u00e1n las im\u00e1genes y los audios de esta c\u00e1mara, impulsada por RFEF y LaLiga, que muestra el f\u00fatbol desde la mirada del \u00e1rbitro La final de la Copa del Rey del pr\u00f3ximo 18 de abril, que enfrentar\u00e1 al Atl\u00e9tico de Madrid y a la Real Sociedad, marcar\u00e1 el...&hellip;\"   data-create-time=\"1776416740\" data-edit-time=\"1776416740\"><span class=\"cmra-link-main\"><span class=\"cmra-link-title\">La RefCam har\u00e1 su debut en Espa\u00f1a durante la final de la Copa del Rey<\/span><\/span><span class=\"cmra-link-subtitle\"><\/span><span class=\"cmra-link-footer\"><span class=\"cmra-link-date\">Apr 17 2026<\/span><\/span><\/a><\/li><li class=\"cmra-category-link-list-entry\"><a href=\"https:\/\/tmbroadcast.es\/nacho-carballo-efd-studios-director-general\/\" class=\"cmra-link cmra-no-favicon\" title=\"Miembro de la European Film Academy, de la Academia de Cine de Espa\u00f1a, de la Academia Uruguaya de Letras, Artes y Ciencias y de la Asociaci\u00f3n ACCI\u00d3N, ha sido distinguido con m\u00e1s de 36 premios nacionales e internacionales En una apuesta decisiva por la colaboraci\u00f3n transatl\u00e1ntica y la integraci\u00f3n operativa, EFD Studios anuncia la incorporaci\u00f3n...&hellip;\"   data-create-time=\"1776412942\" data-edit-time=\"1776412942\"><span class=\"cmra-link-main\"><span class=\"cmra-link-title\">Nacho Carballo, nuevo director general global de EFD Studios<\/span><\/span><span class=\"cmra-link-subtitle\"><\/span><span class=\"cmra-link-footer\"><span class=\"cmra-link-date\">Apr 17 2026<\/span><\/span><\/a><\/li><li class=\"cmra-category-link-list-entry\"><a href=\"https:\/\/tmbroadcast.es\/secuoya-latinoamerica-daniel-hernandez\/\" class=\"cmra-link cmra-no-favicon\" title=\"Al frente de la operaci\u00f3n estar\u00e1 Daniel Hern\u00e1ndez Bocanegra, m\u00e1ximo responsable del grupo en la regi\u00f3n, y tami\u00e9n contar\u00e1 con el apoyo del asesor Pierluigi Gazzolo Secuoya Studios consolida en la regi\u00f3n un modelo aut\u00f3nomo con capacidades integrales de desarrollo y producci\u00f3n, y plena capacidad de decisi\u00f3n para impulsar contenido original e hiperlocal. Su intenci\u00f3n...&hellip;\"   data-create-time=\"1776336211\" data-edit-time=\"1776336211\"><span class=\"cmra-link-main\"><span class=\"cmra-link-title\">Secuoya Studios apuesta por un modelo aut\u00f3nomo en Latinoam\u00e9rica<\/span><\/span><span class=\"cmra-link-subtitle\"><\/span><span class=\"cmra-link-footer\"><span class=\"cmra-link-date\">Apr 16 2026<\/span><\/span><\/a><\/li><li class=\"cmra-category-link-list-entry\"><a href=\"https:\/\/tmbroadcast.es\/foro-radio-forta-cartagena-ia\/\" class=\"cmra-link cmra-no-favicon\" title=\"La cita acoger\u00e1 a m\u00e1s de 80 profesionales de la radio p\u00fablica durante los d\u00edas 16 y 17 de abril en el edificio del antiguo Cuartel de Instrucci\u00f3n de Mariner\u00eda (CIM) de la Universidad Polit\u00e9cnica de Cartagena La ciudad de Cartagena acoge esta semana un debate sobre el futuro de la radio p\u00fablica con la...&hellip;\"   data-create-time=\"1776335291\" data-edit-time=\"1776335291\"><span class=\"cmra-link-main\"><span class=\"cmra-link-title\">Cartagena se convierte en el epicentro del debate sobre el futuro de la radio p\u00fablica<\/span><\/span><span class=\"cmra-link-subtitle\"><\/span><span class=\"cmra-link-footer\"><span class=\"cmra-link-date\">Apr 16 2026<\/span><\/span><\/a><\/li><li class=\"cmra-category-link-list-entry\"><a href=\"https:\/\/tmbroadcast.es\/aeq-consola-sistema-nab-2026\/\" class=\"cmra-link cmra-no-favicon\" title=\"Desde su expositor C3106, el fabricante dar\u00e1 a conocer la Forum IP Plus y el Systel Max, dise\u00f1ados para entornos de producci\u00f3n radiof\u00f3nica y televisiva AEQ acudir\u00e1 a la feria NAB 2026, que se celebrar\u00e1 del 18 al 22 de abril en Las Vegas. En el stand C3106, exhibir\u00e1 sus \u00faltimas novedades tecnol\u00f3gicas centradas en...&hellip;\"   data-create-time=\"1776329070\" data-edit-time=\"1776329070\"><span class=\"cmra-link-main\"><span class=\"cmra-link-title\">AEQ presentar\u00e1 sus nuevas consolas digitales y sistemas en NAB 2026<\/span><\/span><span class=\"cmra-link-subtitle\"><\/span><span class=\"cmra-link-footer\"><span class=\"cmra-link-date\">Apr 16 2026<\/span><\/span><\/a><\/li><li class=\"cmra-category-link-list-entry\"><a href=\"https:\/\/tmbroadcast.es\/flexibilidad-uhd-hdr\/\" class=\"cmra-link cmra-no-favicon\" title=\"Funciones como intercom sobre SDI, retorno de video directamente en la c\u00e1mara y control remoto de par\u00e1metros contribuyen a una configuraci\u00f3n m\u00e1s eficiente. Por Xavier Soler Urra, CEO de Sobatech Los clientes comenzaron a pedir UHD y HDR como est\u00e1ndar, no como excepci\u00f3n. Ya cont\u00e1bamos con equipos capaces dentro de nuestra flota, pero ninguna de...&hellip;\"   data-create-time=\"1776247454\" data-edit-time=\"1776247454\"><span class=\"cmra-link-main\"><span class=\"cmra-link-title\">PATROCINADO | Invertir en flexibilidad: c\u00f3mo abordamos UHD, HDR y m\u00e1s all\u00e1<\/span><\/span><span class=\"cmra-link-subtitle\"><\/span><span class=\"cmra-link-footer\"><span class=\"cmra-link-date\">Apr 15 2026<\/span><\/span><\/a><\/li><li class=\"cmra-category-link-list-entry\"><a href=\"https:\/\/tmbroadcast.es\/bbc-world-video-ip\/\" class=\"cmra-link cmra-no-favicon\" title=\"En varias regiones, los decodificadores de Open Broadcast Systems fueron instalados por sus socios locales. Estos equipos son compatibles con una amplia gama de protocolos de v\u00eddeo IP, incluidos SRT, RIST y Zixi. Open Broadcast Systems ha anunciado que el BBC World Service ha seleccionado sus decodificadores para la distribuci\u00f3n de televisi\u00f3n por IP. Estos...&hellip;\"   data-create-time=\"1776247020\" data-edit-time=\"1776247020\"><span class=\"cmra-link-main\"><span class=\"cmra-link-title\">BBC recurre a Open Broadcast Systems para reforzar su distribuci\u00f3n IP global<\/span><\/span><span class=\"cmra-link-subtitle\"><\/span><span class=\"cmra-link-footer\"><span class=\"cmra-link-date\">Apr 15 2026<\/span><\/span><\/a><\/li><li class=\"cmra-category-link-list-entry\"><a href=\"https:\/\/tmbroadcast.es\/ebu-copa-mundial-femenina-fifa-2027\/\" class=\"cmra-link cmra-no-favicon\" title=\"La competici\u00f3n ser\u00e1 retransmitida por Chequia, Noruega, Dinamarca, Hungr\u00eda, Pa\u00edses Bajos, Noruega, Malta, B\u00e9lgica, Espa\u00f1a, Eslovaquia, Islandia, Suecia, Suiza, Ucrania, Noruega, Dinamarca, Polonia y Finlandia La Uni\u00f3n Europea de Radiodifusi\u00f3n (UER, o EBU por sus siglas en ingl\u00e9s) ha asegurado los derechos medi\u00e1ticos integrales de la Copa Mundial Femenina de la FIFA 2027 en 18...&hellip;\"   data-create-time=\"1776246113\" data-edit-time=\"1776246113\"><span class=\"cmra-link-main\"><span class=\"cmra-link-title\">La EBU se hace con los derechos de la Copa Mundial Femenina de la FIFA 2027<\/span><\/span><span class=\"cmra-link-subtitle\"><\/span><span class=\"cmra-link-footer\"><span class=\"cmra-link-date\">Apr 15 2026<\/span><\/span><\/a><\/li><li class=\"cmra-category-link-list-entry\"><a href=\"https:\/\/tmbroadcast.es\/mexico-copa-oro-liga-netflix\/\" class=\"cmra-link cmra-no-favicon\" title=\"Como parte del acuerdo, la plataforma transmitir\u00e1 las ediciones 2027 y 2029 de ambos torneos. El acuerdo aplica exclusivamente al territorio de M\u00e9xico y las competencias de selecciones nacionales masculinas de Concacaf incluidas en esta alianza Concacaf y Netflix han firmado un nuevo acuerdo de derechos de transmisi\u00f3n por cuatro a\u00f1os para M\u00e9xico. A partir...&hellip;\"   data-create-time=\"1776244798\" data-edit-time=\"1776244798\"><span class=\"cmra-link-main\"><span class=\"cmra-link-title\">La Copa Oro y las Finales de la Liga de Naciones de M\u00e9xico se jugar\u00e1n en Netflix<\/span><\/span><span class=\"cmra-link-subtitle\"><\/span><span class=\"cmra-link-footer\"><span class=\"cmra-link-date\">Apr 15 2026<\/span><\/span><\/a><\/li><li class=\"cmra-category-link-list-entry\"><a href=\"https:\/\/tmbroadcast.es\/audiovisual-catalan-corea-sur\/\" class=\"cmra-link cmra-no-favicon\" title=\"Del 14 al 17 de abril,\u00a0representantes de empresas e instituciones catalanas visitar\u00e1 estudios, centros tecnol\u00f3gicos y plataformas, como MBC C&#038;I (Mask Singer), Dexter Studio (Train to Busan), NC AI \/ NCSoft, MofacStudio (King of Kings), CJ 4DX y Naver El Cl\u00faster Audiovisual de Catalunya, con el apoyo de ACCI\u00d3, la agencia para la competitividad de...&hellip;\"   data-create-time=\"1776240778\" data-edit-time=\"1776240778\"><span class=\"cmra-link-main\"><span class=\"cmra-link-title\">El Cl\u00faster Audiovisual de Catalunya viaja a Corea del Sur en busca de claves para su transformaci\u00f3n<\/span><\/span><span class=\"cmra-link-subtitle\"><\/span><span class=\"cmra-link-footer\"><span class=\"cmra-link-date\">Apr 15 2026<\/span><\/span><\/a><\/li><li class=\"cmra-category-link-list-entry\"><a href=\"https:\/\/tmbroadcast.es\/thomas-riedel-communications-arri\/\" class=\"cmra-link cmra-no-favicon\" title=\"Como primer hito conjunto de esta colaboraci\u00f3n, ARRI presentar\u00e1 su tecnolog\u00eda de c\u00e1maras en el Festival de Eurovisi\u00f3n, donde Riedel act\u00faa como proveedor tecnol\u00f3gico y NEP se encarga de la producci\u00f3n Thomas Riedel, fundador y propietario de Riedel Communications y del Riedel Group, ha adquirido el fabricante con sede en M\u00fanich ARRI. El empresario, originario...&hellip;\"   data-create-time=\"1776239594\" data-edit-time=\"1776239594\"><span class=\"cmra-link-main\"><span class=\"cmra-link-title\">Golpe estrat\u00e9gico de Riedel: adquiere ARRI y se posiciona en toda la cadena de producci\u00f3n<\/span><\/span><span class=\"cmra-link-subtitle\"><\/span><span class=\"cmra-link-footer\"><span class=\"cmra-link-date\">Apr 15 2026<\/span><\/span><\/a><\/li><li class=\"cmra-category-link-list-entry\"><a href=\"https:\/\/tmbroadcast.es\/secuoya-nexus-blinkoff-canal-youtube\/\" class=\"cmra-link cmra-no-favicon\" title=\"La estrategia de publicaci\u00f3n ser\u00e1 semanal, combinando diferentes formatos como contenidos completos, selecciones de mejores momentos y piezas breves en formato vertical Secuoya Nexus ha lanzado BlinkOFF, un nuevo canal de YouTube, gestionado a trav\u00e9s de su MCN Viewin, para ofrecer contenido audiovisual adaptado a los nuevos h\u00e1bitos de consumo digital. La iniciativa responde al...&hellip;\"   data-create-time=\"1776159624\" data-edit-time=\"1776159624\"><span class=\"cmra-link-main\"><span class=\"cmra-link-title\">Secuoya Nexus impulsa su estrategia digital con el lanzamiento de BlinkOFF en YouTube<\/span><\/span><span class=\"cmra-link-subtitle\"><\/span><span class=\"cmra-link-footer\"><span class=\"cmra-link-date\">Apr 14 2026<\/span><\/span><\/a><\/li><li class=\"cmra-category-link-list-entry\"><a href=\"https:\/\/tmbroadcast.es\/dazn-adi-predicstreet-prediccion-directo\/\" class=\"cmra-link cmra-no-favicon\" title=\"Aunque la Copa Mundial de la FIFA 2026 ser\u00e1 el punto de partida, el acuerdo se extender\u00e1 al cat\u00e1logo premium de deportes de DAZN DAZN y ADI Predictstreet, el nuevo mercado de predicciones, han alcanzado un acuerdo con el objetivo de inaugurar una nueva era de interacci\u00f3n para los aficionados de todo el mundo. En...&hellip;\"   data-create-time=\"1776155351\" data-edit-time=\"1776155351\"><span class=\"cmra-link-main\"><span class=\"cmra-link-title\">DAZN se al\u00eda con ADI Predictstreet para integrar predicciones en la experiencia del aficionado<\/span><\/span><span class=\"cmra-link-subtitle\"><\/span><span class=\"cmra-link-footer\"><span class=\"cmra-link-date\">Apr 14 2026<\/span><\/span><\/a><\/li><li class=\"cmra-category-link-list-entry\"><a href=\"https:\/\/tmbroadcast.es\/dhd-audio-aniversario\/\" class=\"cmra-link cmra-no-favicon\" title=\"La nueva identidad visual se basa en los principios de claridad, coherencia y precisi\u00f3n DHD Audio ha lanzado una actualizaci\u00f3n de su marca con motivo de su 30\u00ba aniversario. El relanzamiento introduce un nuevo logotipo denominativo, un sistema de dise\u00f1o unificado y un sitio web redise\u00f1ado, seg\u00fan ha informado la compa\u00f1\u00eda a trav\u00e9s de un...&hellip;\"   data-create-time=\"1776153078\" data-edit-time=\"1776153078\"><span class=\"cmra-link-main\"><span class=\"cmra-link-title\">DHD Audio renueva la marca por su 30\u00ba aniversario<\/span><\/span><span class=\"cmra-link-subtitle\"><\/span><span class=\"cmra-link-footer\"><span class=\"cmra-link-date\">Apr 14 2026<\/span><\/span><\/a><\/li><li class=\"cmra-category-link-list-entry\"><a href=\"https:\/\/tmbroadcast.es\/aragon-aniversario-cadena-espanola\/\" class=\"cmra-link cmra-no-favicon\" title=\"Profesionales como Anne Igartiburu, Roberto Leal, Juan y Medio o Sandra Barneda aparecer\u00e1n en la programaci\u00f3n de Arag\u00f3n TV a lo largo del mes de abril para felicitar a todos los aragoneses Arag\u00f3n TV celebra este mes de abril su 20 aniversario con una nueva iniciativa in\u00e9dita en la televisi\u00f3n en Espa\u00f1a. Por primera vez,...&hellip;\"   data-create-time=\"1776078100\" data-edit-time=\"1776078100\"><span class=\"cmra-link-main\"><span class=\"cmra-link-title\">Arag\u00f3n TV celebra 20 a\u00f1os con una in\u00e9dita ventana conjunta de todas las televisiones<\/span><\/span><span class=\"cmra-link-subtitle\"><\/span><span class=\"cmra-link-footer\"><span class=\"cmra-link-date\">Apr 13 2026<\/span><\/span><\/a><\/li><li class=\"cmra-category-link-list-entry\"><a href=\"https:\/\/tmbroadcast.es\/grass-valley-nvp-laliga-camara\/\" class=\"cmra-link cmra-no-favicon\" title=\"La colaboraci\u00f3n entre Grass Valley y NVP introduce una nueva infraestructura de producci\u00f3n para LaLiga, basada en captura UHD HDR, workflows h\u00edbridos y escalabilidad operativa. El despliegue permite gestionar m\u00e1s de 760 partidos por temporada con calidad consistente y flexibilidad, aline\u00e1ndose con la estrategia de la liga de mantener el liderazgo tecnol\u00f3gico en producci\u00f3n broadcast....&hellip;\"   data-create-time=\"1776076213\" data-edit-time=\"1776076213\"><span class=\"cmra-link-main\"><span class=\"cmra-link-title\">Patrocinado | Grass Valley y NVP impulsan la producci\u00f3n de LaLiga con c\u00e1maras de nueva generaci\u00f3n<\/span><\/span><span class=\"cmra-link-subtitle\"><\/span><span class=\"cmra-link-footer\"><span class=\"cmra-link-date\">Apr 13 2026<\/span><\/span><\/a><\/li><\/ul><\/div><\/div>    <\/div>\r\n<\/div>\n","protected":false},"excerpt":{"rendered":"BroadcastESPECIAL NAB SHOW 2026 | La IA, el deporte y los negocios ocupan m\u00e1s espacio que nuncaApr 17 2026La RefCam har\u00e1 su debut en Espa\u00f1a durante la final de la Copa del ReyApr 17 2026Nacho Carballo, nuevo director general global de EFD StudiosApr 17 2026Secuoya Studios apuesta por un modelo...","protected":false},"author":1,"featured_media":0,"parent":0,"menu_order":0,"comment_status":"closed","ping_status":"closed","template":"","meta":{"footnotes":""},"class_list":["post-1935","page","type-page","status-publish","hentry"],"_links":{"self":[{"href":"https:\/\/www.monitor-radiotv.it\/w\/s\/index.php?rest_route=\/wp\/v2\/pages\/1935","targetHints":{"allow":["GET"]}}],"collection":[{"href":"https:\/\/www.monitor-radiotv.it\/w\/s\/index.php?rest_route=\/wp\/v2\/pages"}],"about":[{"href":"https:\/\/www.monitor-radiotv.it\/w\/s\/index.php?rest_route=\/wp\/v2\/types\/page"}],"author":[{"embeddable":true,"href":"https:\/\/www.monitor-radiotv.it\/w\/s\/index.php?rest_route=\/wp\/v2\/users\/1"}],"replies":[{"embeddable":true,"href":"https:\/\/www.monitor-radiotv.it\/w\/s\/index.php?rest_route=%2Fwp%2Fv2%2Fcomments&post=1935"}],"version-history":[{"count":6,"href":"https:\/\/www.monitor-radiotv.it\/w\/s\/index.php?rest_route=\/wp\/v2\/pages\/1935\/revisions"}],"predecessor-version":[{"id":1987,"href":"https:\/\/www.monitor-radiotv.it\/w\/s\/index.php?rest_route=\/wp\/v2\/pages\/1935\/revisions\/1987"}],"wp:attachment":[{"href":"https:\/\/www.monitor-radiotv.it\/w\/s\/index.php?rest_route=%2Fwp%2Fv2%2Fmedia&parent=1935"}],"curies":[{"name":"wp","href":"https:\/\/api.w.org\/{rel}","templated":true}]}}