{"id":41306,"date":"2022-12-22T13:59:23","date_gmt":"2022-12-22T12:59:23","guid":{"rendered":"https:\/\/www.monitor-radiotv.it\/w\/?page_id=41306"},"modified":"2023-01-31T09:22:46","modified_gmt":"2023-01-31T08:22:46","slug":"feedback-tv-logic","status":"publish","type":"page","link":"https:\/\/www.monitor-radiotv.it\/w\/feedback-tv-logic\/","title":{"rendered":"Feedback TV Logic"},"content":{"rendered":"<div id=\"fb-root\"><\/div>\n<p>[vc_row][vc_column][vc_single_image image=&#8221;41316&#8243; img_size=&#8221;full&#8221; alignment=&#8221;center&#8221; css_animation=&#8221;bounceInLeft&#8221;][vc_column_text]<\/p>\n<h3 class=\"p1\"><strong>Monitor Full HD ad alta luminosit\u00e0 da 7&#8243; con nitidezza migliorata<\/strong><\/h3>\n<h3 class=\"p1\"><strong>L&#8217;F-7HS \u00e8 un field monitor da 7&#8243; con risoluzione 1920&#215;1080 che offre la massima luminosit\u00e0 <\/strong><strong>di 1800 nit con maggiore nitidezza e funzione peaking boost tramite <\/strong><strong>il raffinato motore di elaborazione delle immagini.<\/strong><\/h3>\n<h3 class=\"p1\"><strong>Con l&#8217;immagine di alta qualit\u00e0 e le caratteristiche professionali, <\/strong><strong>F-7HS mostra le migliori prestazioni ovunque.<\/strong><\/h3>\n<h3><strong>Disponibile presso i migliori rivenditori<\/strong><\/h3>\n<h3><strong>Desidero ricevere maggiori informazioni<\/strong><\/h3>\n<p>[\/vc_column_text][\/vc_column][\/vc_row][vc_row][vc_column width=&#8221;1\/2&#8243;]<div role=\"form\" class=\"wpcf7\" id=\"wpcf7-f41305-o1\" lang=\"it-IT\" dir=\"ltr\">\n<div class=\"screen-reader-response\"><p role=\"status\" aria-live=\"polite\" aria-atomic=\"true\"><\/p> <ul><\/ul><\/div>\n<form action=\"\/w\/wp-json\/wp\/v2\/pages\/41306#wpcf7-f41305-o1\" method=\"post\" class=\"wpcf7-form init\" novalidate=\"novalidate\" data-status=\"init\">\n<div style=\"display: none;\">\n<input type=\"hidden\" name=\"_wpcf7\" value=\"41305\" \/>\n<input type=\"hidden\" name=\"_wpcf7_version\" value=\"5.3.2\" \/>\n<input type=\"hidden\" name=\"_wpcf7_locale\" value=\"it_IT\" \/>\n<input type=\"hidden\" name=\"_wpcf7_unit_tag\" value=\"wpcf7-f41305-o1\" \/>\n<input type=\"hidden\" name=\"_wpcf7_container_post\" value=\"0\" \/>\n<input type=\"hidden\" name=\"_wpcf7_posted_data_hash\" value=\"\" \/>\n<input type=\"hidden\" name=\"_wpcf7_recaptcha_response\" value=\"\" \/>\n<\/div>\n<p>Il tuo nome (richiesto)<br \/>\n    <span class=\"wpcf7-form-control-wrap your-name\"><input type=\"text\" name=\"your-name\" value=\"\" size=\"40\" class=\"wpcf7-form-control wpcf7-text wpcf7-validates-as-required\" aria-required=\"true\" aria-invalid=\"false\" \/><\/span> <\/p>\n<p>La tua email (richiesto)<br \/>\n    <span class=\"wpcf7-form-control-wrap your-email\"><input type=\"email\" name=\"your-email\" value=\"\" size=\"40\" class=\"wpcf7-form-control wpcf7-text wpcf7-email wpcf7-validates-as-required wpcf7-validates-as-email\" aria-required=\"true\" aria-invalid=\"false\" \/><\/span> <\/p>\n<p>Oggetto<br \/>\n    <span class=\"wpcf7-form-control-wrap your-subject\"><input type=\"text\" name=\"your-subject\" value=\"\" size=\"40\" class=\"wpcf7-form-control wpcf7-text\" aria-invalid=\"false\" \/><\/span> <\/p>\n<p>Il tuo messaggio<br \/>\n    <span class=\"wpcf7-form-control-wrap your-message\"><textarea name=\"your-message\" cols=\"40\" rows=\"10\" class=\"wpcf7-form-control wpcf7-textarea\" aria-invalid=\"false\"><\/textarea><\/span> <\/p>\n<p><span class=\"wpcf7-form-control-wrap wpgdprc\"><span class=\"wpcf7-form-control wpcf7-validates-as-required wpcf7-wpgdprc\"><span class=\"wpcf7-list-item\"><input type=\"checkbox\" name=\"wpgdprc\" value=\"1\" aria-required=\"true\" aria-invalid=\"false\" \/><span class=\"wpcf7-list-item-label\">Cliccando su INVIA accetterete le nostre regole sulle CONDIZIONI D\u2019USO, la PRIVACY e la COOKIES POLICY .<\/span><\/span><\/span><\/span><\/p>\n<p><input type=\"submit\" value=\"Invia\" class=\"wpcf7-form-control wpcf7-submit\" \/><\/p>\n<div class=\"wpcf7-response-output\" aria-hidden=\"true\"><\/div><\/form><\/div>[\/vc_column][vc_column width=&#8221;1\/2&#8243;][vc_column_text]<\/p>\n<h4 style=\"text-align: right;\">MonitoR magazine<\/h4>\n<h4 style=\"text-align: right;\">info@monitor-radiotv.com<\/h4>\n<h4 style=\"text-align: right;\">tel.+39 02\u00a0462 526<\/h4>\n<h4 style=\"text-align: right;\">FAX +39\u00a002 9475 1421<\/h4>\n<h4 style=\"text-align: right;\"><i><b>US Phone<\/b> +1 646\u00a0513\u00a02675<\/i><\/h4>\n<h4 style=\"text-align: right;\"><strong><a href=\"https:\/\/wa.me\/3902462526\" target=\"_blank\" rel=\"noopener\">Whatsapp\u00a0Contact<\/a><\/strong><\/h4>\n<p>[\/vc_column_text][\/vc_column][\/vc_row][vc_row][vc_column][vc_column_text]<\/p>\n<hr \/>\n<p><a href=\"https:\/\/www.monitor-radiotv.it\/w\/privacy\/\">Guarda le CONDIZIONI D&#8217;USO e la PRIVACY POLICY<\/a>[\/vc_column_text][vc_column_text]Cliccando su INVIA accetterete le nostre regole sulle <a href=\"https:\/\/www.monitor-radiotv.it\/w\/privacy\/\">CONDIZIONI D&#8217;USO e PRIVACY<\/a> del nostro sito che potete visionare <a href=\"https:\/\/www.monitor-radiotv.it\/w\/privacy\/\">QUI<\/a>.<\/p>\n<p>A questo link invece la nostra <a href=\"https:\/\/www.monitor-radiotv.it\/w\/homepage\/cookies-policy\/\">COOKIES POLICY<\/a>[\/vc_column_text][\/vc_column][\/vc_row]<\/p>\n","protected":false},"excerpt":{"rendered":"<p>[vc_row][vc_column][vc_single_image image=&#8221;41316&#8243; img_size=&#8221;full&#8221; alignment=&#8221;center&#8221; css_animation=&#8221;bounceInLeft&#8221;][vc_column_text] Monitor Full HD ad alta luminosit\u00e0 da 7&#8243; con nitidezza migliorata L&#8217;F-7HS \u00e8 un field monitor da 7&#8243; con risoluzione 1920&#215;1080 che offre la massima luminosit\u00e0 di 1800 nit con maggiore nitidezza e funzione peaking boost tramite il raffinato motore di elaborazione delle immagini. Con&#8230;<\/p>\n","protected":false},"author":1,"featured_media":0,"parent":0,"menu_order":0,"comment_status":"closed","ping_status":"closed","template":"page-home.php","meta":{"om_disable_all_campaigns":false,"footnotes":""},"class_list":["post-41306","page","type-page","status-publish","hentry"],"_links":{"self":[{"href":"https:\/\/www.monitor-radiotv.it\/w\/wp-json\/wp\/v2\/pages\/41306","targetHints":{"allow":["GET"]}}],"collection":[{"href":"https:\/\/www.monitor-radiotv.it\/w\/wp-json\/wp\/v2\/pages"}],"about":[{"href":"https:\/\/www.monitor-radiotv.it\/w\/wp-json\/wp\/v2\/types\/page"}],"author":[{"embeddable":true,"href":"https:\/\/www.monitor-radiotv.it\/w\/wp-json\/wp\/v2\/users\/1"}],"replies":[{"embeddable":true,"href":"https:\/\/www.monitor-radiotv.it\/w\/wp-json\/wp\/v2\/comments?post=41306"}],"version-history":[{"count":10,"href":"https:\/\/www.monitor-radiotv.it\/w\/wp-json\/wp\/v2\/pages\/41306\/revisions"}],"predecessor-version":[{"id":41434,"href":"https:\/\/www.monitor-radiotv.it\/w\/wp-json\/wp\/v2\/pages\/41306\/revisions\/41434"}],"wp:attachment":[{"href":"https:\/\/www.monitor-radiotv.it\/w\/wp-json\/wp\/v2\/media?parent=41306"}],"curies":[{"name":"wp","href":"https:\/\/api.w.org\/{rel}","templated":true}]}}